{"id":3624,"date":"2014-01-30T16:53:47","date_gmt":"2014-01-30T16:53:47","guid":{"rendered":"http:\/\/web-rockstars.com\/nuovo\/?page_id=3624"},"modified":"2023-01-11T18:21:58","modified_gmt":"2023-01-11T17:21:58","slug":"sobre-benidorm","status":"publish","type":"page","link":"https:\/\/apartamentosbenidorm.es\/?page_id=3624","title":{"rendered":"BENIDORM"},"content":{"rendered":"<h2 style=\"text-align: center;\"><a href=\"http:\/\/apartamentosbenidorm.es\/wp-content\/uploads\/2014\/01\/logo_benidorm.png\"><img decoding=\"async\" loading=\"lazy\" class=\"size-full wp-image-3963 aligncenter\" src=\"http:\/\/apartamentosbenidorm.es\/wp-content\/uploads\/2014\/01\/logo_benidorm.png\" alt=\"logo_benidorm\" width=\"500\" height=\"77\"><\/a><\/h2>\n<h2 style=\"text-align: center;\">\u00a1Descubre todo lo que te ofrece!<\/h2>\n<h4 style=\"text-align: center;\">Playas, ocio, salud, diversi\u00f3n, confort, cultura, calidad, emoci\u00f3n\u2026<\/h4>\n<p>Todo cuanto deseas para tus vacaciones lo encontrar\u00e1s en Benidorm, el destino tur\u00edstico de referencia en la Comunitat Valenciana y Europa. En plena Costa Blanca, goza de sol practicamente los 365 dias del a\u00f1o y se vive intensamente tanto de d\u00eda como de noche, sin l\u00edmites de edad. Disfrutaras de los mejores servicios y una excelente oferta de ocio. Y si, adem\u00e1s, te van las emociones fuertes, no olvides pasarte junto a los tuyos por los parques tem\u00e1ticos de Terra M\u00edtica o Aqualandia. Benidorm es una apuesta sorprendente en todos los sentidos.<\/p>\n<p>&nbsp;<\/p>\n<p>&nbsp;<\/p>\n<h3 class=\"LC20lb MBeuO DKV0Md\">&#x1f31e; <a href=\"http:\/\/www.aqualandia.net\/\" target=\"_blank\" rel=\"noopener\">Aqualandia<img decoding=\"async\" loading=\"lazy\" class=\"size-full wp-image-3917 alignright\" src=\"http:\/\/apartamentosbenidorm.es\/wp-content\/uploads\/2014\/01\/aqualandia.gif\" alt=\"aqualandia\" width=\"115\" height=\"150\"><\/a><\/h3>\n<p>El mayor parque acu\u00e1tico de Europa. piscinas, toboganes, juegos infantiles, 75.000 m2 de zonas verdes, tiendas y todo lo que necesitas para disfrutar de un d\u00eda de ocio en familia o con tus amigos. No te lo pierdas, nosotros nos encargaremos de conseguirte tickets descuento<\/p>\n<h3 class=\"LC20lb MBeuO DKV0Md\">&#x1f31e; <a href=\"http:\/\/www.terramiticapark.com\/\" target=\"_blank\" rel=\"noopener\">Terra Mitica<img decoding=\"async\" loading=\"lazy\" class=\"size-full wp-image-3936 alignright\" src=\"http:\/\/apartamentosbenidorm.es\/wp-content\/uploads\/2014\/01\/terramitica.gif\" alt=\"terramitica\" width=\"115\" height=\"150\"><\/a><\/h3>\n<p>Terra Mitica.&nbsp;Parque tem\u00e1tico basado en las antiguas civilizaciones del Mediterr\u00e1neo: Egipto, Grecia, Roma, Iberia y Las Islas. Sus principales atracciones son Magnus Colossus, una monta\u00f1a rusa de madera; Tit\u00e1nide, una monta\u00f1a rusa invertida con cinco inversiones y El Vuelo del F\u00e9nix, una torre de ca\u00edda libre de 54m<\/p>\n<h3 class=\"LC20lb MBeuO DKV0Md\">&#x1f31e; <a href=\"http:\/\/www.mundomar.es\/\" target=\"_blank\" rel=\"noopener\">Mundomar<img decoding=\"async\" loading=\"lazy\" class=\"size-full wp-image-3932 alignright\" src=\"http:\/\/apartamentosbenidorm.es\/wp-content\/uploads\/2014\/01\/mundomar.gif\" alt=\"mundomar\" width=\"115\" height=\"150\"><\/a><\/h3>\n<p>Mundomar es un parque de ocio de animales marinos y ex\u00f3ticos. Al recorrer el parque el visitante podra adentrarse completamente en la naturaleza, aprendera curiosidades sobre los animales y plantas y podra disfrutar de shows de papagayos, leones marinos y delfines<\/p>\n<h3 class=\"LC20lb MBeuO DKV0Md\">&#x1f31e;<a href=\"http:\/\/www.terranatura.com\/\" target=\"_blank\" rel=\"noopener\">Terra Natura<img decoding=\"async\" loading=\"lazy\" class=\"size-full wp-image-3937 alignright\" src=\"http:\/\/apartamentosbenidorm.es\/wp-content\/uploads\/2014\/01\/terranatura.gif\" alt=\"terranatura\" width=\"115\" height=\"150\"><\/a><\/h3>\n<p>Terra Natura es un parque zoologico de nueva generaci\u00f3n con un nuevo concepto en el dise\u00f1o de h\u00e1bitats que te permitir\u00e1 tomar contacto con animales con barreras invisibles a los ojos del ser humano. El parque est\u00e1 dividido en cuatro zonas o \u00e1reas que son: Pangea, Am\u00e9rica, Asia y Europa<\/p>\n<h3 class=\"LC20lb MBeuO DKV0Md\">&#x1f31e; <a href=\"http:\/\/www.benidorm-spotlight.es\/playas.htm\" target=\"_blank\" rel=\"noopener\">Playas<img decoding=\"async\" loading=\"lazy\" class=\"size-full wp-image-3933 alignright\" src=\"http:\/\/apartamentosbenidorm.es\/wp-content\/uploads\/2014\/01\/playas.gif\" alt=\"playas\" width=\"115\" height=\"150\"><\/a><\/h3>\n<p>Catalogadas entre las mejores de Europa, Benidorm cuenta con las dos grandes playas de Levante y Poniente y otras mas peque\u00f1as como la del Malpas y la Cala del Tio Ximo en el Rinc\u00f3n<\/p>\n<p>&nbsp;<\/p>\n<h3 class=\"LC20lb MBeuO DKV0Md\">&#x1f31e; <a href=\"http:\/\/www.visitbenidorm.es\/ver\/1116\/llorente-bus-transporte-urbano-benidorm.html\/\" target=\"_blank\" rel=\"noopener\">Transporte<img decoding=\"async\" loading=\"lazy\" class=\"size-full wp-image-3938 alignright\" src=\"http:\/\/apartamentosbenidorm.es\/wp-content\/uploads\/2014\/01\/transporte.gif\" alt=\"transporte\" width=\"115\" height=\"150\"><\/a><\/h3>\n<p>Desde la carretera nacional, o por la autopista, hasta el aeropuerto de Alicante pasando por el autobus urbano (la llamada \u00abgua-gua\u00bb) o el nuevo TRAM. Benidorm tiene diferentes opciones de llegar y moverte por \u00e9l<\/p>\n<p>&nbsp;<\/p>\n<h3 class=\"LC20lb MBeuO DKV0Md\">&#x1f31e; <a href=\"http:\/\/www.benidorm-spotlight.es\/comer\/tapas.htm\" target=\"_blank\" rel=\"noopener\">Tapeo<img decoding=\"async\" loading=\"lazy\" class=\"size-full wp-image-3935 alignright\" src=\"http:\/\/apartamentosbenidorm.es\/wp-content\/uploads\/2014\/01\/tapeo.jpg\" alt=\"tapeo\" width=\"115\" height=\"150\"><\/a><\/h3>\n<p>Antes de salir de marcha puedes cenar en uno de los muchos bares y restaurantes que existen en Benidorm o ir de tapeo por la zona de bares Vascos, al lado del Paseo de la Carretera<\/p>\n<p>&nbsp;<\/p>\n<h3 class=\"LC20lb MBeuO DKV0Md\">&#x1f31e;&nbsp; <a href=\"http:\/\/www.google.es\/movies?near=Benidorm&amp;hl=es&amp;ei=WByRTbKAMemAhAens7WiDw\" target=\"_blank\" rel=\"noopener\">Cines<\/a><a href=\"http:\/\/www.google.es\/movies?near=Benidorm&amp;hl=es&amp;ei=WByRTbKAMemAhAens7WiDw\" target=\"_blank\" rel=\"noopener\"><img decoding=\"async\" loading=\"lazy\" class=\"size-full wp-image-3927 alignright\" src=\"http:\/\/apartamentosbenidorm.es\/wp-content\/uploads\/2014\/01\/cines.jpg\" alt=\"cines\" width=\"115\" height=\"150\"><\/a><\/h3>\n<p>Tambi\u00e9n puedes ir a uno de los muchos cines que existen actualmente en Benidorm: Cines Colci centro y rincon, Cine Centro, Cines del Centro comercial La Marina&#8230; Haz clic en el enlace que te llevar\u00e1 a la cartelera de hoy<\/p>\n<h4>&nbsp;<\/h4>\n<h3 class=\"LC20lb MBeuO DKV0Md\">&#x1f31e;<a href=\"http:\/\/www.guiadebenidorm.es\/que-hacer\/mejores-discotecas-benidorm\/\" target=\"_blank\" rel=\"noopener\">Pubs<img decoding=\"async\" loading=\"lazy\" class=\"size-full wp-image-3934 alignright\" src=\"http:\/\/apartamentosbenidorm.es\/wp-content\/uploads\/2014\/01\/pub.jpg\" alt=\"pub\" width=\"115\" height=\"150\"><\/a><\/h3>\n<p>En Benidorm podras encontrarlos de todos los tipos. Desde los t\u00edpicos Pubs ingleses hasta garitos m\u00e1s espa\u00f1oles como los de la \u00abzona del Callej\u00f3n\u00bb, pasando por pubs en primera linea de playa como el Massai. Un Gin Tonic en la azotea del Hotel Madeira es una estupenda opci\u00f3n<\/p>\n<h3 class=\"LC20lb MBeuO DKV0Md\">&#x1f31e; <a href=\"http:\/\/www.visitbenidorm.es\/ver\/1588\/calendario-anual-de-fiestas-2015.html\/\" target=\"_blank\" rel=\"noopener\">Fiestas todo el a\u00f1o<img decoding=\"async\" loading=\"lazy\" class=\"size-full wp-image-3930 alignright\" src=\"http:\/\/apartamentosbenidorm.es\/wp-content\/uploads\/2014\/01\/fiestas.jpg\" alt=\"fiestas\" width=\"115\" height=\"150\"><\/a><\/h3>\n<p>Sino es una es otra:<\/p>\n<p>Fiestas Mayores Patronales de Benidorm (en noviembre), Fallas (en Marzo), Carnaval, Moros y Cristianos (Octubre), Hogueras de San Juan&#8230; \u00a1Haz coincidir tu visita con alguna de ellas!<\/p>\n<h4>&nbsp;<\/h4>\n<h3 class=\"LC20lb MBeuO DKV0Md\">&#x1f31e;<a href=\"http:\/\/www.visitbenidorm.es\/ver\/1126\/ocio-nocturno-en-benidorm.html\" target=\"_blank\" rel=\"noopener\">Discotecas<img decoding=\"async\" loading=\"lazy\" class=\"size-full wp-image-3928 alignright\" src=\"http:\/\/apartamentosbenidorm.es\/wp-content\/uploads\/2014\/01\/discotecas.jpg\" alt=\"discotecas\" width=\"115\" height=\"150\"><\/a><\/h3>\n<p>Penelope Beach Club, KM, Richard New Look, KU, Bahamas, Heartbreak, Tiki Beach, Tiki City, Beachcomber, Kentucky Rock Cafe, El Hip\u00f3dromo, etc etc etc.<\/p>\n<p>&nbsp;<\/p>\n<h3 class=\"LC20lb MBeuO DKV0Md\">&#x1f31e; <a href=\"http:\/\/www.visitbenidorm.es\/ver\/1133\/turismo-activo-en-benidorm.html\" target=\"_blank\" rel=\"noopener\">Y mucho m\u00e1s<img decoding=\"async\" loading=\"lazy\" class=\"size-full wp-image-3931 alignright\" src=\"http:\/\/apartamentosbenidorm.es\/wp-content\/uploads\/2014\/01\/mascosas.jpg\" alt=\"mascosas\" width=\"115\" height=\"150\"><\/a><\/h3>\n<p>Benidorm es una ciudad cosmopolita y con opciones de ocio a cualquier hora. Desde exclusivos afterhours hasta restaurantes 24h (Como el Mariano&#8217;s) sin olvidarnos de todo lo relacionado con el fitness y las numerosas actividades deportivas que se organizan a lo largo del a\u00f1o.&nbsp;<\/p>\n<p>&nbsp;<\/p>\n<p>&nbsp;<\/p>\n<h3><a href=\"http:\/\/apartamentosbenidorm.es\/wp-content\/uploads\/2014\/01\/logoayuntamiento.jpg\"><img decoding=\"async\" loading=\"lazy\" class=\"size-full wp-image-3959 alignleft\" src=\"http:\/\/apartamentosbenidorm.es\/wp-content\/uploads\/2014\/01\/logoayuntamiento.jpg\" alt=\"logoayuntamiento\" width=\"292\" height=\"66\"><\/a>Ayuntamiento de Benidorm<a class=\"sc_button large button custom\" style=\"float: right;\" href=\"https:\/\/benidorm.org\/es\" target=\"_blank\" rel=\"noopener\">Benidorm.org<\/a><\/h3>\n<p>&nbsp;<\/p>\n<p>&nbsp;<\/p>\n<h3 style=\"line-height: 37px !important;\"><a href=\"http:\/\/www.visitbenidorm.es\/\" target=\"_blank\" rel=\"noopener\"><img decoding=\"async\" loading=\"lazy\" class=\"wp-image-3953 size-full alignleft\" src=\"http:\/\/apartamentosbenidorm.es\/wp-content\/uploads\/2014\/01\/logovisitbenidorm.png\" alt=\"logovisitbenidorm\" width=\"246\" height=\"72\"><\/a>La mejor web sobre Benidorm!<a class=\"sc_button large button custom\" style=\"float: right;\" href=\"http:\/\/www.visitbenidorm.es\/\" target=\"_blank\" rel=\"noopener\">visitbenidorm.es<\/a><\/h3>\n<p>&nbsp;<\/p>\n<p>&nbsp;<\/p>\n<p>&nbsp;<\/p>\n","protected":false},"excerpt":{"rendered":"<p>\u00a1Descubre todo lo que te ofrece! Playas, ocio, salud, diversi\u00f3n, confort, cultura, calidad, emoci\u00f3n\u2026 Todo cuanto deseas para tus vacaciones lo encontrar\u00e1s en Benidorm, el destino tur\u00edstico de referencia en la Comunitat Valenciana y Europa. En plena Costa Blanca, goza de sol practicamente los 365 dias del a\u00f1o y se vive intensamente tanto de d\u00eda [&hellip;]<\/p>\n","protected":false},"author":3,"featured_media":0,"parent":3616,"menu_order":0,"comment_status":"closed","ping_status":"closed","template":"templates\/fullwidth.php","meta":{"ngg_post_thumbnail":0},"_links":{"self":[{"href":"https:\/\/apartamentosbenidorm.es\/index.php?rest_route=\/wp\/v2\/pages\/3624"}],"collection":[{"href":"https:\/\/apartamentosbenidorm.es\/index.php?rest_route=\/wp\/v2\/pages"}],"about":[{"href":"https:\/\/apartamentosbenidorm.es\/index.php?rest_route=\/wp\/v2\/types\/page"}],"author":[{"embeddable":true,"href":"https:\/\/apartamentosbenidorm.es\/index.php?rest_route=\/wp\/v2\/users\/3"}],"replies":[{"embeddable":true,"href":"https:\/\/apartamentosbenidorm.es\/index.php?rest_route=%2Fwp%2Fv2%2Fcomments&post=3624"}],"version-history":[{"count":58,"href":"https:\/\/apartamentosbenidorm.es\/index.php?rest_route=\/wp\/v2\/pages\/3624\/revisions"}],"predecessor-version":[{"id":5887,"href":"https:\/\/apartamentosbenidorm.es\/index.php?rest_route=\/wp\/v2\/pages\/3624\/revisions\/5887"}],"up":[{"embeddable":true,"href":"https:\/\/apartamentosbenidorm.es\/index.php?rest_route=\/wp\/v2\/pages\/3616"}],"wp:attachment":[{"href":"https:\/\/apartamentosbenidorm.es\/index.php?rest_route=%2Fwp%2Fv2%2Fmedia&parent=3624"}],"curies":[{"name":"wp","href":"https:\/\/api.w.org\/{rel}","templated":true}]}}