{"id":290,"date":"2013-02-16T15:53:19","date_gmt":"2013-02-16T15:53:19","guid":{"rendered":"http:\/\/web-rockstars.com\/megafolio\/?page_id=290"},"modified":"2023-01-11T19:32:31","modified_gmt":"2023-01-11T18:32:31","slug":"pagina-de-contacto-e-informacion","status":"publish","type":"page","link":"https:\/\/apartamentosbenidorm.es\/?page_id=290","title":{"rendered":"CONTACTO"},"content":{"rendered":"<h1>Si desea informaci\u00f3n m\u00e1s detallada, no dude en consultarnos:<\/h1>\n\n\n<figure class=\"wp-block-image size-full is-resized\"><a href=\"https:\/\/apartamentosbenidorm.es\/wp-content\/uploads\/2015\/09\/correotlf.gif\"><img decoding=\"async\" loading=\"lazy\" src=\"https:\/\/apartamentosbenidorm.es\/wp-content\/uploads\/2015\/09\/correotlf.gif\" alt=\"\" class=\"wp-image-40\" width=\"373\" height=\"87\"\/><\/a><\/figure>\n\n\n<div class=\"is-default-size wp-block-site-logo\"><a href=\"https:\/\/apartamentosbenidorm.es\/\" class=\"navbar-brand\" rel=\"home\"><img loading=\"lazy\" width=\"400\" height=\"100\" src=\"https:\/\/apartamentosbenidorm.es\/wp-content\/uploads\/2015\/09\/cropped-cropped-800x200-nuevo1-e1673459002820.png\" class=\"custom-logo\" alt=\"Apartamentos Benidorm\" decoding=\"async\" srcset=\"https:\/\/apartamentosbenidorm.es\/wp-content\/uploads\/2015\/09\/cropped-cropped-800x200-nuevo1-e1673459002820.png 400w, https:\/\/apartamentosbenidorm.es\/wp-content\/uploads\/2015\/09\/cropped-cropped-800x200-nuevo1-e1673459002820-300x75.png 300w\" sizes=\"(max-width: 400px) 100vw, 400px\" \/><\/a><\/div>\n\n<h1>Mapa exacto de la urbanizaci\u00f3n<\/h1>\n<p class=\"left_footer\"><strong>En el siguiente mapa podr\u00e1 ver la ruta de acceso a la urbanizaci\u00f3n desde el peaje de la autopista AP-7 (salida Terra M\u00edtica-Benidorm Poniente).<\/strong><\/p>\n<p>Mapa:<\/p>\n<p>&nbsp;<\/p>\n<p><iframe loading=\"lazy\" src=\"https:\/\/www.google.com\/maps\/d\/embed?mid=1EM59VCdeBjIWAvEG6FBnSolWcH0&amp;hl=es\" width=\"640\" height=\"480\"><\/iframe>&nbsp;<\/p>\n<h1 class=\"left_footer\">&nbsp;<\/h1>\n\n\n<p><\/p>\n","protected":false},"excerpt":{"rendered":"<p>Si desea informaci\u00f3n m\u00e1s detallada, no dude en consultarnos: Mapa exacto de la urbanizaci\u00f3n En el siguiente mapa podr\u00e1 ver la ruta de acceso a la urbanizaci\u00f3n desde el peaje de la autopista AP-7 (salida Terra M\u00edtica-Benidorm Poniente). Mapa: &nbsp; &nbsp; &nbsp;<\/p>\n","protected":false},"author":3,"featured_media":0,"parent":3616,"menu_order":0,"comment_status":"closed","ping_status":"closed","template":"templates\/fullwidth.php","meta":{"ngg_post_thumbnail":0},"_links":{"self":[{"href":"https:\/\/apartamentosbenidorm.es\/index.php?rest_route=\/wp\/v2\/pages\/290"}],"collection":[{"href":"https:\/\/apartamentosbenidorm.es\/index.php?rest_route=\/wp\/v2\/pages"}],"about":[{"href":"https:\/\/apartamentosbenidorm.es\/index.php?rest_route=\/wp\/v2\/types\/page"}],"author":[{"embeddable":true,"href":"https:\/\/apartamentosbenidorm.es\/index.php?rest_route=\/wp\/v2\/users\/3"}],"replies":[{"embeddable":true,"href":"https:\/\/apartamentosbenidorm.es\/index.php?rest_route=%2Fwp%2Fv2%2Fcomments&post=290"}],"version-history":[{"count":32,"href":"https:\/\/apartamentosbenidorm.es\/index.php?rest_route=\/wp\/v2\/pages\/290\/revisions"}],"predecessor-version":[{"id":5918,"href":"https:\/\/apartamentosbenidorm.es\/index.php?rest_route=\/wp\/v2\/pages\/290\/revisions\/5918"}],"up":[{"embeddable":true,"href":"https:\/\/apartamentosbenidorm.es\/index.php?rest_route=\/wp\/v2\/pages\/3616"}],"wp:attachment":[{"href":"https:\/\/apartamentosbenidorm.es\/index.php?rest_route=%2Fwp%2Fv2%2Fmedia&parent=290"}],"curies":[{"name":"wp","href":"https:\/\/api.w.org\/{rel}","templated":true}]}}